{"id":110,"date":"2021-03-06T19:48:40","date_gmt":"2021-03-06T17:48:40","guid":{"rendered":"http:\/\/www.4servis.cz\/?page_id=110"},"modified":"2021-04-13T19:14:24","modified_gmt":"2021-04-13T17:14:24","slug":"dokumenty","status":"publish","type":"page","link":"https:\/\/www.4servis.cz\/index.php\/dokumenty\/","title":{"rendered":"Dokumenty"},"content":{"rendered":"<div class=\"vce-row-container\"><div class=\"vce-row vce-row--col-gap-30 vce-row-columns--top vce-row-content--top\" id=\"el-f62f1d59\" data-vce-do-apply=\"all el-f62f1d59\"><div class=\"vce-row-content\" data-vce-element-content=\"true\"><div class=\"vce-col vce-col--md-auto vce-col--xs-1 vce-col--xs-last vce-col--xs-first vce-col--sm-last vce-col--sm-first vce-col--md-last vce-col--lg-last vce-col--xl-last vce-col--md-first vce-col--lg-first vce-col--xl-first\" id=\"el-c0a58184\"><div class=\"vce-col-inner\" data-vce-do-apply=\"border margin background  el-c0a58184\"><div class=\"vce-col-content\" data-vce-element-content=\"true\" data-vce-do-apply=\"padding el-c0a58184\"><div class=\"vce-text-block\"><div class=\"vce-text-block-wrapper vce\" id=\"el-2f3fe9e5\" data-vce-do-apply=\"all el-2f3fe9e5\">\r\n<p>Dokumentace ke sta\u017een\u00ed , dle ustanoven\u00ed \u00a7 63 odst. 1 a 2 z\u00e1kona \u010d.127\/2005 Sb., o elektronick\u00fdch komunikac\u00edch (ZEK)<\/p>\r\n\r\n<p>VOP <a href=\"https:\/\/www.4servis.cz\/wp-content\/uploads\/2021\/04\/VOP_2021-4servis.pdf\">VOP_2021 4servis<\/a><\/p>\r\n\r\n<p>Cen\u00edk <a href=\"https:\/\/www.4servis.cz\/wp-content\/uploads\/2021\/04\/cenik_2021-4servis.pdf\">cenik_2021 4servis<\/a><\/p>\r\n\r\n<p>vzor smlouvy <a href=\"https:\/\/www.4servis.cz\/wp-content\/uploads\/2021\/04\/sml-vzor.pdf\">sml-vzor<\/a><\/p>\r\n<p>vzor specifikace <a href=\"https:\/\/www.4servis.cz\/wp-content\/uploads\/2021\/04\/specifikace-vzor.pdf\">specifikace - vzor<\/a><\/p>\r\n<\/div><\/div><\/div><\/div><\/div><\/div><\/div><\/div>","protected":false},"excerpt":{"rendered":"<p>Dokumentace ke sta\u017een\u00ed , dle ustanoven\u00ed \u00a7 63 odst. 1 a 2 z\u00e1kona \u010d.127\/2005 Sb., o elektronick\u00fdch komunikac\u00edch (ZEK) VOP VOP_2021 4servis Cen\u00edk cenik_2021 4servis vzor smlouvy sml-vzor vzor specifikace specifikace &#8211; vzor<\/p>\n","protected":false},"author":1,"featured_media":0,"parent":0,"menu_order":0,"comment_status":"closed","ping_status":"closed","template":"","meta":{"footnotes":""},"class_list":["post-110","page","type-page","status-publish","hentry"],"_links":{"self":[{"href":"https:\/\/www.4servis.cz\/index.php\/wp-json\/wp\/v2\/pages\/110","targetHints":{"allow":["GET"]}}],"collection":[{"href":"https:\/\/www.4servis.cz\/index.php\/wp-json\/wp\/v2\/pages"}],"about":[{"href":"https:\/\/www.4servis.cz\/index.php\/wp-json\/wp\/v2\/types\/page"}],"author":[{"embeddable":true,"href":"https:\/\/www.4servis.cz\/index.php\/wp-json\/wp\/v2\/users\/1"}],"replies":[{"embeddable":true,"href":"https:\/\/www.4servis.cz\/index.php\/wp-json\/wp\/v2\/comments?post=110"}],"version-history":[{"count":4,"href":"https:\/\/www.4servis.cz\/index.php\/wp-json\/wp\/v2\/pages\/110\/revisions"}],"predecessor-version":[{"id":120,"href":"https:\/\/www.4servis.cz\/index.php\/wp-json\/wp\/v2\/pages\/110\/revisions\/120"}],"wp:attachment":[{"href":"https:\/\/www.4servis.cz\/index.php\/wp-json\/wp\/v2\/media?parent=110"}],"curies":[{"name":"wp","href":"https:\/\/api.w.org\/{rel}","templated":true}]}}