{"id":7,"date":"2017-05-31T07:53:10","date_gmt":"2017-05-31T07:53:10","guid":{"rendered":"http:\/\/www.4servis.cz\/?page_id=7"},"modified":"2021-04-13T19:19:27","modified_gmt":"2021-04-13T17:19:27","slug":"vitejte","status":"publish","type":"page","link":"https:\/\/www.4servis.cz\/","title":{"rendered":"V\u00edtejte"},"content":{"rendered":"<div class=\"vce-row-container\"><div class=\"vce-row vce-row--col-gap-30 vce-row-columns--top vce-row-content--top\" id=\"el-c28a1545\" data-vce-do-apply=\"all el-c28a1545\"><div class=\"vce-row-content\" data-vce-element-content=\"true\"><div class=\"vce-col vce-col--md-auto vce-col--xs-1 vce-col--xs-last vce-col--xs-first vce-col--sm-last vce-col--sm-first vce-col--md-last vce-col--lg-last vce-col--xl-last vce-col--md-first vce-col--lg-first vce-col--xl-first\" id=\"el-c75805e0\"><div class=\"vce-col-inner\" data-vce-do-apply=\"border margin background  el-c75805e0\"><div class=\"vce-col-content\" data-vce-element-content=\"true\" data-vce-do-apply=\"padding el-c75805e0\"><div class=\"vce-single-image-container vce-single-image--align-left\"><div class=\"vce vce-single-image-wrapper\" id=\"el-33e9f6ea\" data-vce-do-apply=\"all el-33e9f6ea\"><figure><div class=\"vce-single-image-inner vce-single-image--absolute vce-single-image--border-rounded\" style=\"padding-bottom: 22.0703%; width: 1024px;\"><img class=\"vce-single-image\" width=\"1024\" height=\"226\"src=\"https:\/\/www.4servis.cz\/wp-content\/uploads\/2021\/04\/bannermikrotik2-e1601501581565-1024x226.jpg\" srcset=\"https:\/\/www.4servis.cz\/wp-content\/uploads\/2021\/04\/bannermikrotik2-e1601501581565-320x71.jpg 320w,https:\/\/www.4servis.cz\/wp-content\/uploads\/2021\/04\/bannermikrotik2-e1601501581565-480x106.jpg 480w,https:\/\/www.4servis.cz\/wp-content\/uploads\/2021\/04\/bannermikrotik2-e1601501581565-800x177.jpg 800w,https:\/\/www.4servis.cz\/wp-content\/uploads\/2021\/04\/bannermikrotik2-e1601501581565-1024x226.jpg 1024w\" data-img-src=\"https:\/\/www.4servis.cz\/wp-content\/uploads\/2017\/05\/bannermikrotik2-e1601501581565.jpg\" alt=\"wirelles\" title=\"bannermikrotik2\" \/><\/div><figcaption hidden=\"\"><\/figcaption><\/figure><\/div><\/div><\/div><\/div><\/div><\/div><\/div><\/div><div class=\"vce-row-container\"><div class=\"vce-row vce-row--col-gap-30 vce-row-columns--top vce-row-content--top\" id=\"el-c8abfa7e\" data-vce-do-apply=\"all el-c8abfa7e\"><div class=\"vce-row-content\" data-vce-element-content=\"true\"><div class=\"vce-col vce-col--md-auto vce-col--xs-1 vce-col--xs-last vce-col--xs-first vce-col--sm-last vce-col--sm-first vce-col--md-first vce-col--lg-first vce-col--xl-first\" id=\"el-f06fd775\"><div class=\"vce-col-inner\" data-vce-do-apply=\"border margin background  el-f06fd775\"><div class=\"vce-col-content\" data-vce-element-content=\"true\" data-vce-do-apply=\"padding el-f06fd775\"><div class=\"vce-text-block\"><div class=\"vce-text-block-wrapper vce\" id=\"el-67d6d137\" data-vce-do-apply=\"all el-67d6d137\"><h2>V\u00edtejte<\/h2><p>Str\u00e1nky V\u00e1s pouze lehce sezn\u00e1m\u00ed s nab\u00edzen\u00fdmi slu\u017ebami<br>- lok\u00e1ln\u00ed ISP - <a href=\"http:\/\/www.4servis.cz\/index.php\/dokumenty\/\">Dokumenty<\/a><br>- servis VT<br>- \u00fa\u010detnictv\u00ed a da\u0148ov\u00e9 poradenstv\u00ed<br>- spr\u00e1va nemovitost\u00ed<\/p><p><img loading=\"lazy\" decoding=\"async\" class=\"alignnone size-medium wp-image-41 alignleft\" src=\"https:\/\/www.4servis.cz\/wp-content\/uploads\/2017\/05\/cropped-mikrotik01-300x180.jpg\" alt=\"\" width=\"300\" height=\"180\" srcset=\"https:\/\/www.4servis.cz\/wp-content\/uploads\/2017\/05\/cropped-mikrotik01-300x180.jpg 300w, https:\/\/www.4servis.cz\/wp-content\/uploads\/2017\/05\/cropped-mikrotik01-768x461.jpg 768w, https:\/\/www.4servis.cz\/wp-content\/uploads\/2017\/05\/cropped-mikrotik01-1024x614.jpg 1024w, https:\/\/www.4servis.cz\/wp-content\/uploads\/2017\/05\/cropped-mikrotik01.jpg 2000w\" sizes=\"auto, (max-width: 300px) 85vw, 300px\" \/><\/p><div>&nbsp;<\/div><\/div><\/div><\/div><\/div><\/div><div class=\"vce-col vce-col--md-auto vce-col--xs-1 vce-col--xs-last vce-col--xs-first vce-col--sm-last vce-col--sm-first vce-col--md-last vce-col--lg-last vce-col--xl-last\" id=\"el-b9abc6e5\"><div class=\"vce-col-inner\" data-vce-do-apply=\"border margin background  el-b9abc6e5\"><div class=\"vce-col-content\" data-vce-element-content=\"true\" data-vce-do-apply=\"padding el-b9abc6e5\"><\/div><\/div><\/div><\/div><\/div><\/div><div class=\"vce-row-container\"><div class=\"vce-row vce-row--col-gap-30 vce-row-columns--top vce-row-content--top\" id=\"el-addd2f8a\" data-vce-do-apply=\"all el-addd2f8a\"><div class=\"vce-row-content\" data-vce-element-content=\"true\"><div class=\"vce-col vce-col--md-auto vce-col--xs-1 vce-col--xs-last vce-col--xs-first vce-col--sm-last vce-col--sm-first vce-col--md-last vce-col--lg-last vce-col--xl-last vce-col--md-first vce-col--lg-first vce-col--xl-first\" id=\"el-fefabbdc\"><div class=\"vce-col-inner\" data-vce-do-apply=\"border margin background  el-fefabbdc\"><div class=\"vce-col-content\" data-vce-element-content=\"true\" data-vce-do-apply=\"padding el-fefabbdc\"><div class=\"vce-text-block\"><div class=\"vce-text-block-wrapper vce\" id=\"el-e47632f4\" data-vce-do-apply=\"all el-e47632f4\"><p>CHCETE IPTV - VOLEJTE!&nbsp; rozjedte od LEPSI.TV - s rozjetim vam pom\u016f\u017eeme<\/p>\r\n<p>zde p\u0159ehledn\u00e9 informace&nbsp;<a href=\"https:\/\/www.4servis.cz\/wp-content\/uploads\/2019\/05\/Lep%C5%A1%C3%AD.TV_.pdf\">Lep\u0161\u00ed.TV<\/a><\/p>\r\n<p><a href=\"https:\/\/xn--lep-tma39c.tv\/nabidka_programu\/?sluzba=cz&amp;paid=0&amp;basic=1&amp;format=html\"><img loading=\"lazy\" decoding=\"async\" class=\"alignleft wp-image-82 size-full\" src=\"https:\/\/www.4servis.cz\/wp-content\/uploads\/2018\/12\/superstanice-970x90.gif\" alt=\"\" width=\"970\" height=\"90\"><\/a><\/p>\r\n<p>&nbsp;<\/p>\r\n<figure class=\"wp-block-image size-large is-resized is-style-default\"><a href=\"https:\/\/xn--lep-tma39c.tv\/tv_stanice_online\/?sluzba=cz&amp;paid=1&amp;basic=1&amp;format=html\"><img loading=\"lazy\" decoding=\"async\" class=\"wp-image-90\" src=\"wp-content\/uploads\/2020\/08\/banner970x90_2px.gif\" alt=\"\" width=\"843\" height=\"78\"><\/a><\/figure><\/div><\/div><\/div><\/div><\/div><\/div><\/div><\/div>\n","protected":false},"excerpt":{"rendered":"<p>V\u00edtejteStr\u00e1nky V\u00e1s pouze lehce sezn\u00e1m\u00ed s nab\u00edzen\u00fdmi slu\u017ebami- lok\u00e1ln\u00ed ISP &#8211; Dokumenty- servis VT- \u00fa\u010detnictv\u00ed a da\u0148ov\u00e9 poradenstv\u00ed- spr\u00e1va nemovitost\u00ed&nbsp;CHCETE IPTV &#8211; VOLEJTE!&nbsp; rozjedte od LEPSI.TV &#8211; s rozjetim vam pom\u016f\u017eeme zde p\u0159ehledn\u00e9 informace&nbsp;Lep\u0161\u00ed.TV &nbsp;<\/p>\n","protected":false},"author":1,"featured_media":0,"parent":0,"menu_order":0,"comment_status":"closed","ping_status":"closed","template":"","meta":{"footnotes":""},"class_list":["post-7","page","type-page","status-publish","hentry"],"_links":{"self":[{"href":"https:\/\/www.4servis.cz\/index.php\/wp-json\/wp\/v2\/pages\/7","targetHints":{"allow":["GET"]}}],"collection":[{"href":"https:\/\/www.4servis.cz\/index.php\/wp-json\/wp\/v2\/pages"}],"about":[{"href":"https:\/\/www.4servis.cz\/index.php\/wp-json\/wp\/v2\/types\/page"}],"author":[{"embeddable":true,"href":"https:\/\/www.4servis.cz\/index.php\/wp-json\/wp\/v2\/users\/1"}],"replies":[{"embeddable":true,"href":"https:\/\/www.4servis.cz\/index.php\/wp-json\/wp\/v2\/comments?post=7"}],"version-history":[{"count":24,"href":"https:\/\/www.4servis.cz\/index.php\/wp-json\/wp\/v2\/pages\/7\/revisions"}],"predecessor-version":[{"id":121,"href":"https:\/\/www.4servis.cz\/index.php\/wp-json\/wp\/v2\/pages\/7\/revisions\/121"}],"wp:attachment":[{"href":"https:\/\/www.4servis.cz\/index.php\/wp-json\/wp\/v2\/media?parent=7"}],"curies":[{"name":"wp","href":"https:\/\/api.w.org\/{rel}","templated":true}]}}