{"id":9,"date":"2017-05-31T07:53:10","date_gmt":"2017-05-31T07:53:10","guid":{"rendered":"http:\/\/www.4servis.cz\/?page_id=9"},"modified":"2018-12-06T19:33:46","modified_gmt":"2018-12-06T17:33:46","slug":"contact","status":"publish","type":"page","link":"https:\/\/www.4servis.cz\/index.php\/contact\/","title":{"rendered":"Kontakt"},"content":{"rendered":"<p style=\"text-align: left; padding-left: 30px;\">Michal Kolman<br \/>\nI\u010c:69900124<br \/>\ntel.: +420 721 924 878<\/p>\n<p style=\"text-align: left; padding-left: 30px;\">Martina Kolmanov\u00e1<br \/>\nI\u010c:05646375<br \/>\ntel.: +420 777 969 398<\/p>\n<p style=\"text-align: left; padding-left: 30px;\">adresa:<br \/>\n\u00dasteck\u00e1 151\/1<br \/>\n40323 Velk\u00e9 B\u0159ezno<\/p>\n<p>&nbsp;<\/p>\n","protected":false},"excerpt":{"rendered":"<p>Michal Kolman I\u010c:69900124 tel.: +420 721 924 878 Martina Kolmanov\u00e1 I\u010c:05646375 tel.: +420 777 969 398 adresa: \u00dasteck\u00e1 151\/1 40323 Velk\u00e9 B\u0159ezno &nbsp;<\/p>\n","protected":false},"author":1,"featured_media":0,"parent":0,"menu_order":0,"comment_status":"closed","ping_status":"closed","template":"","meta":{"footnotes":""},"class_list":["post-9","page","type-page","status-publish","hentry"],"_links":{"self":[{"href":"https:\/\/www.4servis.cz\/index.php\/wp-json\/wp\/v2\/pages\/9","targetHints":{"allow":["GET"]}}],"collection":[{"href":"https:\/\/www.4servis.cz\/index.php\/wp-json\/wp\/v2\/pages"}],"about":[{"href":"https:\/\/www.4servis.cz\/index.php\/wp-json\/wp\/v2\/types\/page"}],"author":[{"embeddable":true,"href":"https:\/\/www.4servis.cz\/index.php\/wp-json\/wp\/v2\/users\/1"}],"replies":[{"embeddable":true,"href":"https:\/\/www.4servis.cz\/index.php\/wp-json\/wp\/v2\/comments?post=9"}],"version-history":[{"count":5,"href":"https:\/\/www.4servis.cz\/index.php\/wp-json\/wp\/v2\/pages\/9\/revisions"}],"predecessor-version":[{"id":76,"href":"https:\/\/www.4servis.cz\/index.php\/wp-json\/wp\/v2\/pages\/9\/revisions\/76"}],"wp:attachment":[{"href":"https:\/\/www.4servis.cz\/index.php\/wp-json\/wp\/v2\/media?parent=9"}],"curies":[{"name":"wp","href":"https:\/\/api.w.org\/{rel}","templated":true}]}}